{"id":58,"date":"2021-03-12T04:02:45","date_gmt":"2021-03-12T03:02:45","guid":{"rendered":"http:\/\/disciplinepositive.ca\/?page_id=58"},"modified":"2022-04-29T17:24:26","modified_gmt":"2022-04-29T15:24:26","slug":"decouvrir","status":"publish","type":"page","link":"https:\/\/www.disciplinepositive.ca\/?page_id=58","title":{"rendered":"Les ateliers"},"content":{"rendered":"\n<div class=\"wp-block-image\"><figure class=\"alignleft size-medium is-resized\"><img loading=\"lazy\" src=\"http:\/\/disciplinepositive.ca\/wp-content\/uploads\/2021\/03\/IMG_9015-300x200.jpg\" alt=\"\" class=\"wp-image-83\" width=\"261\" height=\"174\" srcset=\"https:\/\/www.disciplinepositive.ca\/wp-content\/uploads\/2021\/03\/IMG_9015-300x200.jpg 300w, https:\/\/www.disciplinepositive.ca\/wp-content\/uploads\/2021\/03\/IMG_9015-1024x683.jpg 1024w, https:\/\/www.disciplinepositive.ca\/wp-content\/uploads\/2021\/03\/IMG_9015-768x512.jpg 768w, https:\/\/www.disciplinepositive.ca\/wp-content\/uploads\/2021\/03\/IMG_9015-1536x1024.jpg 1536w, https:\/\/www.disciplinepositive.ca\/wp-content\/uploads\/2021\/03\/IMG_9015-2048x1365.jpg 2048w\" sizes=\"(max-width: 261px) 100vw, 261px\" \/><figcaption><em>Comprendre la logique des enfants<\/em><\/figcaption><\/figure><\/div>\n\n\n\n<p>Les ateliers allient une th\u00e9orie solide \u00e0 des activit\u00e9s ludiques et interactives (nombreux jeux de r\u00f4le et activit\u00e9s).Vous repartirez \u00e0 chaque session avec des  outils \u00e0 la fois pratiques et concrets. <\/p>\n\n\n\n<p><strong>7 sessions de 2 heures pour aborder les th\u00e8mes suivants: <\/strong><\/p>\n\n\n\n<p><strong>Session 1<\/strong><br>Conna\u00eetre les fondements de la Discipline Positive<br>Comprendre la logique de l\u2019enfant<br>Savoir poser un cadre, Obtenir la coop\u00e9ration de l\u2019enfant<\/p>\n\n\n\n<p><\/p>\n\n\n\n<p><strong><strong>Session<\/strong> 2<\/strong><br>\u00catre ferme et bienveillant \u00e0 la fois<br>G\u00e9rer \u00ab la crise \u00bb<br>Se ma\u00eetriser et prendre soin de soi<br>Connecter<\/p>\n\n\n\n<div class=\"wp-block-image\"><figure class=\"alignleft size-medium\"><img loading=\"lazy\" width=\"200\" height=\"300\" src=\"http:\/\/disciplinepositive.ca\/wp-content\/uploads\/2021\/03\/IMG_9036-200x300.jpg\" alt=\"\" class=\"wp-image-85\" srcset=\"https:\/\/www.disciplinepositive.ca\/wp-content\/uploads\/2021\/03\/IMG_9036-200x300.jpg 200w, https:\/\/www.disciplinepositive.ca\/wp-content\/uploads\/2021\/03\/IMG_9036-683x1024.jpg 683w, https:\/\/www.disciplinepositive.ca\/wp-content\/uploads\/2021\/03\/IMG_9036-768x1152.jpg 768w, https:\/\/www.disciplinepositive.ca\/wp-content\/uploads\/2021\/03\/IMG_9036-1024x1536.jpg 1024w, https:\/\/www.disciplinepositive.ca\/wp-content\/uploads\/2021\/03\/IMG_9036-1365x2048.jpg 1365w, https:\/\/www.disciplinepositive.ca\/wp-content\/uploads\/2021\/03\/IMG_9036-scaled.jpg 1707w\" sizes=\"(max-width: 200px) 100vw, 200px\" \/><figcaption><em>Mettre en capacit\u00e9<\/em><\/figcaption><\/figure><\/div>\n\n\n\n<p><strong>Session<\/strong> <strong>3<\/strong><br>Conna\u00eetre l\u2019influence de l\u2019ordre de naissance des enfants<br>Comprendre quels sont les v\u00e9ritables besoins de l\u2019enfant \u00e0 travers son comportement<\/p>\n\n\n\n<p><strong>Session<\/strong> <strong>4<\/strong><br>D\u00e9couvrir les alternatives \u00e0 la punition<br>Savoir encourager et mettre en capacit\u00e9 son enfant<\/p>\n\n\n\n<blockquote class=\"wp-block-quote\"><p>\u00ab\u00a0<em>D\u2019o\u00f9 nous vient cette id\u00e9e un peu folle qu\u2019il faut d\u2019abord qu\u2019un enfant se sente moins bien avant de faire mieux \u201c<\/em> Jane Nelsen<\/p><\/blockquote>\n\n\n\n<p><strong>Session 5<\/strong><br>\u00c9couter efficacement<br>G\u00e9rer les conflits dans la fratrie<br>Communiquer avec bienveillance<\/p>\n\n\n\n<div class=\"wp-block-image\"><figure class=\"alignleft size-medium\"><img loading=\"lazy\" width=\"225\" height=\"300\" src=\"http:\/\/disciplinepositive.ca\/wp-content\/uploads\/2021\/03\/PXL_20201231_171419680-1-225x300.jpg\" alt=\"\" class=\"wp-image-113\" srcset=\"https:\/\/www.disciplinepositive.ca\/wp-content\/uploads\/2021\/03\/PXL_20201231_171419680-1-225x300.jpg 225w, https:\/\/www.disciplinepositive.ca\/wp-content\/uploads\/2021\/03\/PXL_20201231_171419680-1-768x1024.jpg 768w, https:\/\/www.disciplinepositive.ca\/wp-content\/uploads\/2021\/03\/PXL_20201231_171419680-1-1152x1536.jpg 1152w, https:\/\/www.disciplinepositive.ca\/wp-content\/uploads\/2021\/03\/PXL_20201231_171419680-1-1536x2048.jpg 1536w, https:\/\/www.disciplinepositive.ca\/wp-content\/uploads\/2021\/03\/PXL_20201231_171419680-1-scaled.jpg 1920w\" sizes=\"(max-width: 225px) 100vw, 225px\" \/><figcaption><em>Entente entre fr\u00e8re et s\u0153ur<\/em><\/figcaption><\/figure><\/div>\n\n\n\n<p><strong>Session<\/strong> <strong>6<\/strong><br>Se conna\u00eetre pour comprendre ses propres besoins<br>Mettre en place efficacement les Temps d&rsquo;\u00c9change en Famille<\/p>\n\n\n\n<p><strong>Session 7<\/strong><br>Passer un accord avec son enfant (et qu\u2019il soit respect\u00e9 !)<br>Comprendre les processus d\u2019apprentissage<br>Trouver des solutions gagnant-gagnant<\/p>\n\n\n\n<blockquote class=\"wp-block-quote\"><p>\u00ab\u00a0Les enfants per\u00e7oivent bien mais interpr\u00e8tent mal. Aussi derri\u00e8re chaque comportement se cache un croyance\u00a0\u00bb<\/p><\/blockquote>\n\n\n\n<p class=\"has-text-align-center\">Pour participer \u00e0 un atelier, n&rsquo;h\u00e9sitez pas \u00e0 me contacter<a href=\"mailto: : isabelle@disciplinepositive.ca\">: <strong><span class=\"has-inline-color has-vivid-green-cyan-color\">isabelle@disciplinepositive.ca<\/span><\/strong><\/a><\/p>\n","protected":false},"excerpt":{"rendered":"<p>Les ateliers allient une th\u00e9orie solide \u00e0 des activit\u00e9s ludiques et interactives (nombreux jeux de r\u00f4le et activit\u00e9s).Vous repartirez \u00e0 chaque session avec des outils \u00e0 la fois pratiques et &#8230;<\/p>\n","protected":false},"author":2,"featured_media":0,"parent":0,"menu_order":2,"comment_status":"closed","ping_status":"closed","template":"","meta":{"_monsterinsights_skip_tracking":false,"_monsterinsights_sitenote_active":false,"_monsterinsights_sitenote_note":"","_monsterinsights_sitenote_category":0},"_links":{"self":[{"href":"https:\/\/www.disciplinepositive.ca\/index.php?rest_route=\/wp\/v2\/pages\/58"}],"collection":[{"href":"https:\/\/www.disciplinepositive.ca\/index.php?rest_route=\/wp\/v2\/pages"}],"about":[{"href":"https:\/\/www.disciplinepositive.ca\/index.php?rest_route=\/wp\/v2\/types\/page"}],"author":[{"embeddable":true,"href":"https:\/\/www.disciplinepositive.ca\/index.php?rest_route=\/wp\/v2\/users\/2"}],"replies":[{"embeddable":true,"href":"https:\/\/www.disciplinepositive.ca\/index.php?rest_route=%2Fwp%2Fv2%2Fcomments&post=58"}],"version-history":[{"count":26,"href":"https:\/\/www.disciplinepositive.ca\/index.php?rest_route=\/wp\/v2\/pages\/58\/revisions"}],"predecessor-version":[{"id":216,"href":"https:\/\/www.disciplinepositive.ca\/index.php?rest_route=\/wp\/v2\/pages\/58\/revisions\/216"}],"wp:attachment":[{"href":"https:\/\/www.disciplinepositive.ca\/index.php?rest_route=%2Fwp%2Fv2%2Fmedia&parent=58"}],"curies":[{"name":"wp","href":"https:\/\/api.w.org\/{rel}","templated":true}]}}