{"id":131,"date":"2021-03-17T17:27:38","date_gmt":"2021-03-17T16:27:38","guid":{"rendered":"http:\/\/disciplinepositive.ca\/?page_id=131"},"modified":"2021-03-27T23:03:22","modified_gmt":"2021-03-27T22:03:22","slug":"commentaires","status":"publish","type":"page","link":"https:\/\/www.disciplinepositive.ca\/?page_id=131","title":{"rendered":"T\u00e9moignages"},"content":{"rendered":"\n<blockquote class=\"wp-block-quote midnightblue\"><p>\u00ab\u00a0Je voudrais dire aux parents qu&rsquo;ils seront plus outill\u00e9s pour faire face aux d\u00e9fis. Que nous ne sommes plus d\u00e9munis face \u00e0 des situations difficiles. J&rsquo;ai aim\u00e9 que l&rsquo;on sorte de la th\u00e9orie et que l&rsquo;on applique les principes \u00e0 des situations concr\u00e8tes\u00a0\u00bb<\/p><cite>Anne-Marie, 1 enfant de 3 ans<\/cite><\/blockquote>\n\n\n\n<blockquote class=\"wp-block-quote indianred\"><p>\u00ab\u00a0Tr\u00e8s bonne transmission du message car c&rsquo;est vivant, v\u00e9cu et vrai: incarn\u00e9! L&rsquo;intelligence collective est bluffante. Le travail sur la punition est incroyable. C&rsquo;est concret, pratique avec des r\u00e9sultats imm\u00e9diats.\u00a0\u00bb \u201c<\/p><cite>Marie-Sophie, 3 gar\u00e7ons 12, 9 et 7 ans<br><\/cite><\/blockquote>\n\n\n\n<blockquote class=\"wp-block-quote orange\"><p>Formation g\u00e9niale, et je recommande de la faire en couple surtout pour avoir une constance dans l&rsquo; \u00e9ducation \u00e0 la maison!<\/p><cite>Sixtine, 2 enfants de 7 et 4 ans<\/cite><\/blockquote>\n\n\n\n<blockquote class=\"wp-block-quote darkpink\"><p>\u00ab\u00a0Les ateliers sont sources d&rsquo;inspiration et d&rsquo;exemple. Merci pour la grille d&rsquo;identification des comportements inappropri\u00e9s et la prise de conscience de l&rsquo;importance de la connexion.\u00a0\u00bb<\/p><cite>St\u00e9phanie, 3 gar\u00e7ons de 9, 7 et 5 ans<br><\/cite><\/blockquote>\n\n\n\n<blockquote class=\"wp-block-quote deeppink\"><p>\u00ab\u00a0Une bo\u00eete \u00e0 outils merveilleuse. Les recherches de solutions entre parents sont tr\u00e8s aidantes, les posters et supports extras. Je recommande ++ Isabelle est une formatrice en or \ud83e\udd29 et les r\u00e9sultats sont concrets !\u00a0\u00bb<\/p><cite>Julie, 3 enfants de 11, 7 et 6 mois<br><\/cite><\/blockquote>\n\n\n\n<blockquote class=\"wp-block-quote gold\"><p>\u00ab\u00a0J&rsquo;ai beaucoup aim\u00e9 les recherches de solutions: cela rend les apprentissages concrets et nous aide \u00e0 appliquer la DP\u00a0\u00bb<\/p><cite>Arnaud, 3 enfants 11, 8, 5 ans<\/cite><\/blockquote>\n\n\n\n<blockquote class=\"wp-block-quote\"><p>Enorme cadeau pour la famille. Un investissement pour la vie. Les \u00ab\u00a0mini-sc\u00e8nes\u00a0\u00bb permettent de voir ce qu&rsquo;on fait aujourd&rsquo;hui et de tester pendant l&rsquo;atelier ce qu&rsquo;on pourrait faire avec les outils DP. Les exemples de la th\u00e9orie aident beaucoup.<\/p><p><em>Sophie, 3 enfants, 6,4,2 ans<\/em><\/p><\/blockquote>\n\n\n\n<blockquote class=\"wp-block-quote yellow\"><p>\u00ab\u00a0Un autre regard, des outils pour aider toute la famille \u00e0 bien grandir\u00a0\u00bb<\/p><cite>Marie, 3 filles de 12,8 et 5 ans<br><\/cite><\/blockquote>\n\n\n\n<blockquote class=\"wp-block-quote green\"><p>\u00ab\u00a0La formation permet de prendre du recul sur la fa\u00e7on d&rsquo;\u00e9duquer, de parler aux enfants, de mieux comprendre leurs enfants. J&rsquo;ai aim\u00e9 les nombreux outils mis \u00e0 notre disposition et pouvoir choisir ce qui convient le mieux \u00e0 notre famille, \u00e0 la situation. Encouragement, co-construction, la GIP et connecter avant de corriger sont mes pr\u00e9f\u00e9r\u00e9s \ud83d\ude09\u00a0\u00bb<\/p><cite>St\u00e9phanie, 3 enfants 11, 7 et 4 ans <\/cite><\/blockquote>\n\n\n\n<blockquote class=\"wp-block-quote indianred\"><p>Je recommande \u00e0 fond ! Super formation avec une animatrice au top\u00a0<img loading=\"lazy\" height=\"16\" width=\"16\" alt=\"\ud83d\udc4d\" src=\"https:\/\/static.xx.fbcdn.net\/images\/emoji.php\/v9\/t55\/1.5\/16\/1f44d.png\"><img loading=\"lazy\" height=\"16\" width=\"16\" alt=\"\ud83d\udc4d\" src=\"https:\/\/static.xx.fbcdn.net\/images\/emoji.php\/v9\/t55\/1.5\/16\/1f44d.png\"><\/p><cite>Marie-Laure, 3 enfants, 12, 8, 5, 1 ans<\/cite><\/blockquote>\n","protected":false},"excerpt":{"rendered":"<p>\u00ab\u00a0Je voudrais dire aux parents qu&rsquo;ils seront plus outill\u00e9s pour faire face aux d\u00e9fis. Que nous ne sommes plus d\u00e9munis face \u00e0 des situations difficiles. J&rsquo;ai aim\u00e9 que l&rsquo;on sorte &#8230;<\/p>\n","protected":false},"author":1,"featured_media":0,"parent":0,"menu_order":0,"comment_status":"closed","ping_status":"closed","template":"","meta":{"_monsterinsights_skip_tracking":false,"_monsterinsights_sitenote_active":false,"_monsterinsights_sitenote_note":"","_monsterinsights_sitenote_category":0},"_links":{"self":[{"href":"https:\/\/www.disciplinepositive.ca\/index.php?rest_route=\/wp\/v2\/pages\/131"}],"collection":[{"href":"https:\/\/www.disciplinepositive.ca\/index.php?rest_route=\/wp\/v2\/pages"}],"about":[{"href":"https:\/\/www.disciplinepositive.ca\/index.php?rest_route=\/wp\/v2\/types\/page"}],"author":[{"embeddable":true,"href":"https:\/\/www.disciplinepositive.ca\/index.php?rest_route=\/wp\/v2\/users\/1"}],"replies":[{"embeddable":true,"href":"https:\/\/www.disciplinepositive.ca\/index.php?rest_route=%2Fwp%2Fv2%2Fcomments&post=131"}],"version-history":[{"count":18,"href":"https:\/\/www.disciplinepositive.ca\/index.php?rest_route=\/wp\/v2\/pages\/131\/revisions"}],"predecessor-version":[{"id":192,"href":"https:\/\/www.disciplinepositive.ca\/index.php?rest_route=\/wp\/v2\/pages\/131\/revisions\/192"}],"wp:attachment":[{"href":"https:\/\/www.disciplinepositive.ca\/index.php?rest_route=%2Fwp%2Fv2%2Fmedia&parent=131"}],"curies":[{"name":"wp","href":"https:\/\/api.w.org\/{rel}","templated":true}]}}