{"id":105,"date":"2021-03-15T20:07:59","date_gmt":"2021-03-15T19:07:59","guid":{"rendered":"http:\/\/disciplinepositive.ca\/?page_id=105"},"modified":"2021-04-01T17:59:54","modified_gmt":"2021-04-01T15:59:54","slug":"conferences","status":"publish","type":"page","link":"https:\/\/www.disciplinepositive.ca\/?page_id=105","title":{"rendered":"Les conf\u00e9rences"},"content":{"rendered":"\n<p>Je suis disponible pour des conf\u00e9rences interactives dans votre \u00e9tablissement,  \u00e9cole, garderie, entreprise, pour pr\u00e9senter la Discipline Positive aux parents et au personnel accompagnant.<\/p>\n\n\n\n<p>La conf\u00e9rence est une introduction \u00e0 la Discipline positive: j&rsquo;allie th\u00e9orie et mises en situation par des <a href=\"http:\/\/disciplinepositive.ca\/?page_id=58\">activit\u00e9s repr\u00e9sentatives des ateliers<\/a>. Les parents repartiront avec des outils \u00e0 mettre en place, des prises de conscience, une meilleure compr\u00e9hension des comportements de leurs enfants.  <\/p>\n\n\n\n<p>C&rsquo;est une premi\u00e8re approche qui permet d&rsquo;appr\u00e9hender les principes de base .<\/p>\n\n\n\n<p>La Discipline Positive est une approche qui encourage chez l\u2019enfant le d\u00e9veloppement de <a href=\"http:\/\/disciplinepositive.ca\/?page_id=2\">comp\u00e9tences sociales<\/a> dans un esprit de respect mutuel au sein des familles, des \u00e9coles et des communaut\u00e9s. Sens des responsabilit\u00e9s, respect mutuel, coop\u00e9ration, confiance en soi, empathie et autonomie sont des valeurs enseign\u00e9es par la Discipline Positive.<\/p>\n\n\n\n<p>N&rsquo;h\u00e9sitez pas \u00e0 me contacter! <a href=\"mailto:isabelle@disciplinepositive.ca\">isabelle@disciplinepositive.ca<\/a><\/p>\n","protected":false},"excerpt":{"rendered":"<p>Je suis disponible pour des conf\u00e9rences interactives dans votre \u00e9tablissement, \u00e9cole, garderie, entreprise, pour pr\u00e9senter la Discipline Positive aux parents et au personnel accompagnant. La conf\u00e9rence est une introduction \u00e0 &#8230;<\/p>\n","protected":false},"author":1,"featured_media":0,"parent":0,"menu_order":3,"comment_status":"closed","ping_status":"closed","template":"","meta":{"_monsterinsights_skip_tracking":false,"_monsterinsights_sitenote_active":false,"_monsterinsights_sitenote_note":"","_monsterinsights_sitenote_category":0},"_links":{"self":[{"href":"https:\/\/www.disciplinepositive.ca\/index.php?rest_route=\/wp\/v2\/pages\/105"}],"collection":[{"href":"https:\/\/www.disciplinepositive.ca\/index.php?rest_route=\/wp\/v2\/pages"}],"about":[{"href":"https:\/\/www.disciplinepositive.ca\/index.php?rest_route=\/wp\/v2\/types\/page"}],"author":[{"embeddable":true,"href":"https:\/\/www.disciplinepositive.ca\/index.php?rest_route=\/wp\/v2\/users\/1"}],"replies":[{"embeddable":true,"href":"https:\/\/www.disciplinepositive.ca\/index.php?rest_route=%2Fwp%2Fv2%2Fcomments&post=105"}],"version-history":[{"count":5,"href":"https:\/\/www.disciplinepositive.ca\/index.php?rest_route=\/wp\/v2\/pages\/105\/revisions"}],"predecessor-version":[{"id":198,"href":"https:\/\/www.disciplinepositive.ca\/index.php?rest_route=\/wp\/v2\/pages\/105\/revisions\/198"}],"wp:attachment":[{"href":"https:\/\/www.disciplinepositive.ca\/index.php?rest_route=%2Fwp%2Fv2%2Fmedia&parent=105"}],"curies":[{"name":"wp","href":"https:\/\/api.w.org\/{rel}","templated":true}]}}